{"id":4,"date":"2023-10-31T15:58:00","date_gmt":"2023-10-31T15:58:00","guid":{"rendered":"https:\/\/sage-dev.uqam.ca\/?page_id=4"},"modified":"2023-11-01T14:15:06","modified_gmt":"2023-11-01T14:15:06","slug":"historique","status":"publish","type":"page","link":"https:\/\/sage.uqam.ca\/en\/historique\/","title":{"rendered":"Background"},"content":{"rendered":"<p class=\"translation-block\">The SAGE team comes from the occupational health research area of the Centre de recherche interdisciplinaire sur le bien-\u00eatre, la sant\u00e9, la soci\u00e9t\u00e9 et l\u2019environnement (CINBIOSE). Several projects under this area were conducted as part of the Invisible qui fait mal partnership financed by the CQRS\/FCAR\/FQRSC (from 1993 to 2009). This university-union partnership published important research on the effects of gender inequality on workplace well-being, especially in precarious work settings. This exceptional collaboration between experts in law and ergonomics had important impacts on science, public policies and various workplaces.<\/p>\n\n\n\n<p class=\"translation-block\">Researchers from a range of disciplines and at various stages of their career with a common expertise in gender studies worked together on these projects. To ensure the team\u2019s renewal and the sustainability of the achievements of the <em>Invisible qui fait mal<\/em> partnership, they created the SAGE team in 2012.<\/p>","protected":false},"excerpt":{"rendered":"<p>L\u2019\u00e9quipe SAGE \u00e9mane de l\u2019axe sant\u00e9 au travail du Centre interdisciplinaire sur le bien-\u00eatre, la sant\u00e9 et la soci\u00e9t\u00e9 et l\u2019environnement (CINBIOSE). Plusieurs recherches de cet axe ont \u00e9t\u00e9 effectu\u00e9es dans le cadre du partenariat l\u2019Invisible qui fait mal financ\u00e9 par le CQRS\/FCAR\/FQRSC (1993 \u00e0 2009). Ce partenariat universit\u00e9-syndicats (CSN-CSQ-FTQ)&nbsp;a produit des recherches marquantes sur&#8230;<\/p>","protected":false},"author":2,"featured_media":0,"parent":0,"menu_order":0,"comment_status":"closed","ping_status":"closed","template":"","meta":{"footnotes":""},"class_list":["post-4","page","type-page","status-publish","hentry"],"_links":{"self":[{"href":"https:\/\/sage.uqam.ca\/en\/wp-json\/wp\/v2\/pages\/4","targetHints":{"allow":["GET"]}}],"collection":[{"href":"https:\/\/sage.uqam.ca\/en\/wp-json\/wp\/v2\/pages"}],"about":[{"href":"https:\/\/sage.uqam.ca\/en\/wp-json\/wp\/v2\/types\/page"}],"author":[{"embeddable":true,"href":"https:\/\/sage.uqam.ca\/en\/wp-json\/wp\/v2\/users\/2"}],"replies":[{"embeddable":true,"href":"https:\/\/sage.uqam.ca\/en\/wp-json\/wp\/v2\/comments?post=4"}],"version-history":[{"count":2,"href":"https:\/\/sage.uqam.ca\/en\/wp-json\/wp\/v2\/pages\/4\/revisions"}],"predecessor-version":[{"id":135,"href":"https:\/\/sage.uqam.ca\/en\/wp-json\/wp\/v2\/pages\/4\/revisions\/135"}],"wp:attachment":[{"href":"https:\/\/sage.uqam.ca\/en\/wp-json\/wp\/v2\/media?parent=4"}],"curies":[{"name":"wp","href":"https:\/\/api.w.org\/{rel}","templated":true}]}}