{"id":313,"date":"2023-11-09T16:37:35","date_gmt":"2023-11-09T16:37:35","guid":{"rendered":"https:\/\/sage-dev.uqam.ca\/?page_id=313"},"modified":"2024-07-08T15:55:19","modified_gmt":"2024-07-08T15:55:19","slug":"nouvelles-des-membres","status":"publish","type":"page","link":"https:\/\/sage.uqam.ca\/en\/nouvelles-des-membres\/","title":{"rendered":"News from our members"},"content":{"rendered":"<div class=\"wp-block-query has-global-padding is-layout-constrained wp-container-core-query-is-layout-7a3688e9 wp-block-query-is-layout-constrained\"><nav class=\"aligncenter wp-block-query-pagination is-layout-flex wp-block-query-pagination-is-layout-flex\" aria-label=\"pagination\">\n\n\n<div class=\"wp-block-query-pagination-numbers\"><span aria-current=\"page\" class=\"page-numbers current\">1<\/span>\n<a class=\"page-numbers\" href=\"?query-8-page=2\">2<\/a>\n<a class=\"page-numbers\" href=\"?query-8-page=3\">3<\/a>\n<span class=\"page-numbers dots\">&hellip;<\/span>\n<a class=\"page-numbers\" href=\"?query-8-page=16\">16<\/a><\/div>\n\n<a href=\"\/en\/wp-json\/wp\/v2\/pages\/313?query-8-page=2\" class=\"wp-block-query-pagination-next\" aria-label=\"Next Page\"><span class='wp-block-query-pagination-next-arrow is-arrow-chevron' aria-hidden='true'>\u00bb<\/span><\/a>\n<\/nav>\n\n<ul class=\"wp-block-post-template has-small-font-size is-layout-flow wp-block-post-template-is-layout-flow\"><li class=\"wp-block-post post-1824 post type-post status-publish format-standard hentry category-nouvelle-des-membres\">\n<h2 class=\"wp-block-post-title\">Vient de para\u00eetre &#8211; Lettre d&rsquo;opinion &#8211; R\u00e8glement violences \u00e0 caract\u00e8re sexuel (VACS)<\/h2>\n\n<div class=\"entry-content wp-block-post-content is-layout-flow wp-block-post-content-is-layout-flow\">\n<figure class=\"gb-block-image gb-block-image-7a2d0d35\"><img loading=\"lazy\" decoding=\"async\" width=\"1500\" height=\"998\" class=\"gb-image gb-image-7a2d0d35\" src=\"https:\/\/sage.uqam.ca\/wp-content\/uploads\/2026\/01\/df068520-3f54-11e9-b089-f591616567f2_ORIGINAL.avif\" alt=\"\" title=\"df068520-3f54-11e9-b089-f591616567f2_ORIGINAL\" srcset=\"https:\/\/sage.uqam.ca\/wp-content\/uploads\/2026\/01\/df068520-3f54-11e9-b089-f591616567f2_ORIGINAL.avif 1500w, https:\/\/sage.uqam.ca\/wp-content\/uploads\/2026\/01\/df068520-3f54-11e9-b089-f591616567f2_ORIGINAL-300x200.avif 300w, https:\/\/sage.uqam.ca\/wp-content\/uploads\/2026\/01\/df068520-3f54-11e9-b089-f591616567f2_ORIGINAL-1024x681.avif 1024w, https:\/\/sage.uqam.ca\/wp-content\/uploads\/2026\/01\/df068520-3f54-11e9-b089-f591616567f2_ORIGINAL-768x511.avif 768w, https:\/\/sage.uqam.ca\/wp-content\/uploads\/2026\/01\/df068520-3f54-11e9-b089-f591616567f2_ORIGINAL-18x12.avif 18w\" sizes=\"auto, (max-width: 1500px) 100vw, 1500px\" \/><\/figure>\n\n\n\n<p>Veuillez prendre connaissance de la <a href=\"https:\/\/www.journaldemontreal.com\/2026\/01\/11\/la-cnesst-manque-le-bateau-en-matiere-de-prevention-des-violences-a-caractere-sexuel?fbclid=IwY2xjawPTTSpleHRuA2FlbQIxMQBicmlkETFWS1duTzhOMW5uTUNFbVZlc3J0YwZhcHBfaWQQMjIyMDM5MTc4ODIwMDg5MgABHoU2AZwzLe_NZ-FUV7_diVRR_Qqc8bpv6mUuugGIOCB4HNfST9ftt8PyZuxr_aem_-mhNsq0kSIwJJhGCZNhK8Q\" data-type=\"link\" data-id=\"https:\/\/www.journaldemontreal.com\/2026\/01\/11\/la-cnesst-manque-le-bateau-en-matiere-de-prevention-des-violences-a-caractere-sexuel?fbclid=IwY2xjawPTTSpleHRuA2FlbQIxMQBicmlkETFWS1duTzhOMW5uTUNFbVZlc3J0YwZhcHBfaWQQMjIyMDM5MTc4ODIwMDg5MgABHoU2AZwzLe_NZ-FUV7_diVRR_Qqc8bpv6mUuugGIOCB4HNfST9ftt8PyZuxr_aem_-mhNsq0kSIwJJhGCZNhK8Q\"><strong>lettre d\u2019opinion portant sur la pr\u00e9vention des violences \u00e0 caract\u00e8re sexuel<\/strong><\/a> r\u00e9dig\u00e9e par <strong><em>Rachel Cox<\/em><\/strong>, chercheuse de l\u2019\u00e9quipe SAGE.<\/p>\n\n\n\n<p>Bonne lecture! <img loading=\"lazy\" decoding=\"async\" height=\"16\" width=\"16\" alt=\"\ud83e\udd13\" src=\"https:\/\/static.xx.fbcdn.net\/images\/emoji.php\/v9\/tb3\/1\/16\/1f913.png\"><\/p>\n\n\n\n<p><\/p>\n<\/div>\n\n\n<hr class=\"wp-block-separator has-text-color has-tertiary-color has-alpha-channel-opacity has-tertiary-background-color has-background is-style-wide\" style=\"margin-top:var(--wp--preset--spacing--30);margin-bottom:var(--wp--preset--spacing--30)\"\/>\n\n<\/li><li class=\"wp-block-post post-1818 post type-post status-publish format-standard hentry category-nouvelle-des-membres\">\n<h2 class=\"wp-block-post-title\">L&rsquo;\u00e9quipe SAGE accueille une nouvelle membre!<\/h2>\n\n<div class=\"entry-content wp-block-post-content is-layout-flow wp-block-post-content-is-layout-flow\">\n<figure class=\"wp-block-image size-large\"><img loading=\"lazy\" decoding=\"async\" width=\"1024\" height=\"1024\" src=\"https:\/\/sage.uqam.ca\/wp-content\/uploads\/2025\/12\/Bienvenue-Mahee-1024x1024.png\" alt=\"\" class=\"wp-image-1819\" srcset=\"https:\/\/sage.uqam.ca\/wp-content\/uploads\/2025\/12\/Bienvenue-Mahee-1024x1024.png 1024w, https:\/\/sage.uqam.ca\/wp-content\/uploads\/2025\/12\/Bienvenue-Mahee-300x300.png 300w, https:\/\/sage.uqam.ca\/wp-content\/uploads\/2025\/12\/Bienvenue-Mahee-150x150.png 150w, https:\/\/sage.uqam.ca\/wp-content\/uploads\/2025\/12\/Bienvenue-Mahee-768x768.png 768w, https:\/\/sage.uqam.ca\/wp-content\/uploads\/2025\/12\/Bienvenue-Mahee-12x12.png 12w, https:\/\/sage.uqam.ca\/wp-content\/uploads\/2025\/12\/Bienvenue-Mahee.png 1200w\" sizes=\"auto, (max-width: 1024px) 100vw, 1024px\" \/><\/figure>\n<\/div>\n\n\n<hr class=\"wp-block-separator has-text-color has-tertiary-color has-alpha-channel-opacity has-tertiary-background-color has-background is-style-wide\" style=\"margin-top:var(--wp--preset--spacing--30);margin-bottom:var(--wp--preset--spacing--30)\"\/>\n\n<\/li><li class=\"wp-block-post post-1748 post type-post status-publish format-standard hentry category-nouvelle-des-membres\">\n<h2 class=\"wp-block-post-title\">Rachel Cox obtient le prix Marc-Andr\u00e9-B\u00e9dard pour son engagement en faveur de la justice sociale!<\/h2>\n\n<div class=\"entry-content wp-block-post-content is-layout-flow wp-block-post-content-is-layout-flow\">\n<p>Rachel Cox honor\u00e9e par l\u2019Institut qu\u00e9b\u00e9cois de r\u00e9forme du droit et de la justice.<\/p>\n\n\n\n<figure class=\"wp-block-image size-full\"><img loading=\"lazy\" decoding=\"async\" width=\"270\" height=\"270\" src=\"https:\/\/sage.uqam.ca\/wp-content\/uploads\/2024\/08\/rachel.jpg\" alt=\"\" class=\"wp-image-1263\" srcset=\"https:\/\/sage.uqam.ca\/wp-content\/uploads\/2024\/08\/rachel.jpg 270w, https:\/\/sage.uqam.ca\/wp-content\/uploads\/2024\/08\/rachel-150x150.jpg 150w, https:\/\/sage.uqam.ca\/wp-content\/uploads\/2024\/08\/rachel-12x12.jpg 12w\" sizes=\"auto, (max-width: 270px) 100vw, 270px\" \/><\/figure>\n\n\n\n<p><a href=\"https:\/\/actualites.uqam.ca\/2025\/rachel-cox-honoree-par-linstitut-quebecois-de-reforme-du-droit-et-de-la-justice\/?fbclid=IwY2xjawNKGipleHRuA2FlbQIxMQABHlfKzXBwZNQN957ZhhfBvPS2yA_6BuGAYiX2fw38nicv21scekpDaNkRLSR0_aem_-B7-xxUYEuDkgolO3DShKw\"><strong>Tous les d\u00e9tails ICI<\/strong><\/a><\/p>\n<\/div>\n\n\n<hr class=\"wp-block-separator has-text-color has-tertiary-color has-alpha-channel-opacity has-tertiary-background-color has-background is-style-wide\" style=\"margin-top:var(--wp--preset--spacing--30);margin-bottom:var(--wp--preset--spacing--30)\"\/>\n\n<\/li><li class=\"wp-block-post post-1655 post type-post status-publish format-standard hentry category-nouvelle-des-membres\">\n<h2 class=\"wp-block-post-title\">Vanessa Blanchette-Luong, une \u00e9tudiante SAGE, publie dans La Presse!<\/h2>\n\n<div class=\"entry-content wp-block-post-content is-layout-flow wp-block-post-content-is-layout-flow\">\n<p><a href=\"https:\/\/www.lapresse.ca\/dialogue\/opinions\/2025-07-14\/feminicides\/il-faut-investir-dans-la-brique-le-mortier-et-les-personnes.php\"><strong>Consultez l&rsquo;article ICI<\/strong><\/a><\/p>\n\n\n\n<p><\/p>\n<\/div>\n\n\n<hr class=\"wp-block-separator has-text-color has-tertiary-color has-alpha-channel-opacity has-tertiary-background-color has-background is-style-wide\" style=\"margin-top:var(--wp--preset--spacing--30);margin-bottom:var(--wp--preset--spacing--30)\"\/>\n\n<\/li><li class=\"wp-block-post post-1636 post type-post status-publish format-standard hentry category-nouvelle-des-membres\">\n<h2 class=\"wp-block-post-title\">10 juin 2025 &#8211; Assembl\u00e9e g\u00e9n\u00e9rale de l&rsquo;\u00e9quipe SAGE<\/h2>\n\n<div class=\"entry-content wp-block-post-content is-layout-flow wp-block-post-content-is-layout-flow\">\n<p>D\u00e9j\u00e0 10 ans pour SAGE! <img loading=\"lazy\" decoding=\"async\" height=\"16\" width=\"16\" alt=\"\ud83c\udf89\" src=\"https:\/\/static.xx.fbcdn.net\/images\/emoji.php\/v9\/t8c\/1\/16\/1f389.png\"><\/p>\n\n\n\n<p>Le 10 juin dernier, les chercheur-euses SAGEs \u00e9taient rassembl\u00e9e-s en Mont\u00e9r\u00e9gie pour y tenir l&rsquo;AG de l&rsquo;\u00e9quipe.<\/p>\n\n\n\n<p>Pour c\u00e9l\u00e9brer cette occasion sp\u00e9ciale, plusieurs \u00e9tudiant-es se sont joint-es au groupe afin de partager leurs projets de recherche et faire plus ample connaissance avec les chercheur-euses. <img loading=\"lazy\" decoding=\"async\" height=\"16\" width=\"16\" src=\"https:\/\/static.xx.fbcdn.net\/images\/emoji.php\/v9\/t64\/1\/16\/1f91d.png\" alt=\"\ud83e\udd1d\"><\/p>\n\n\n\n<p>Merci \u00e0 vous toustes qui avez contribu\u00e9 \u00e0 faire de cette journ\u00e9e un succ\u00e8s! <img loading=\"lazy\" decoding=\"async\" height=\"16\" width=\"16\" alt=\"\ud83e\udef6\" src=\"https:\/\/static.xx.fbcdn.net\/images\/emoji.php\/v9\/t49\/1\/16\/1faf6.png\"><\/p>\n\n\n\n<figure class=\"wp-block-image size-large\"><img loading=\"lazy\" decoding=\"async\" width=\"1024\" height=\"769\" src=\"https:\/\/sage.uqam.ca\/wp-content\/uploads\/2025\/07\/AG1-1024x769.jpg\" alt=\"\" class=\"wp-image-1637\" srcset=\"https:\/\/sage.uqam.ca\/wp-content\/uploads\/2025\/07\/AG1-1024x769.jpg 1024w, https:\/\/sage.uqam.ca\/wp-content\/uploads\/2025\/07\/AG1-300x225.jpg 300w, https:\/\/sage.uqam.ca\/wp-content\/uploads\/2025\/07\/AG1-768x577.jpg 768w, https:\/\/sage.uqam.ca\/wp-content\/uploads\/2025\/07\/AG1-1536x1154.jpg 1536w, https:\/\/sage.uqam.ca\/wp-content\/uploads\/2025\/07\/AG1-16x12.jpg 16w, https:\/\/sage.uqam.ca\/wp-content\/uploads\/2025\/07\/AG1.jpg 2048w\" sizes=\"auto, (max-width: 1024px) 100vw, 1024px\" \/><\/figure>\n\n\n\n<figure class=\"wp-block-image size-large\"><img loading=\"lazy\" decoding=\"async\" width=\"1024\" height=\"769\" src=\"https:\/\/sage.uqam.ca\/wp-content\/uploads\/2025\/07\/AG2-1024x769.jpg\" alt=\"\" class=\"wp-image-1638\" srcset=\"https:\/\/sage.uqam.ca\/wp-content\/uploads\/2025\/07\/AG2-1024x769.jpg 1024w, https:\/\/sage.uqam.ca\/wp-content\/uploads\/2025\/07\/AG2-300x225.jpg 300w, https:\/\/sage.uqam.ca\/wp-content\/uploads\/2025\/07\/AG2-768x577.jpg 768w, https:\/\/sage.uqam.ca\/wp-content\/uploads\/2025\/07\/AG2-1536x1154.jpg 1536w, https:\/\/sage.uqam.ca\/wp-content\/uploads\/2025\/07\/AG2-16x12.jpg 16w, https:\/\/sage.uqam.ca\/wp-content\/uploads\/2025\/07\/AG2.jpg 2048w\" sizes=\"auto, (max-width: 1024px) 100vw, 1024px\" \/><\/figure>\n\n\n\n<figure class=\"wp-block-image size-large\"><img loading=\"lazy\" decoding=\"async\" width=\"769\" height=\"1024\" src=\"https:\/\/sage.uqam.ca\/wp-content\/uploads\/2025\/07\/AG3-769x1024.jpg\" alt=\"\" class=\"wp-image-1639\" srcset=\"https:\/\/sage.uqam.ca\/wp-content\/uploads\/2025\/07\/AG3-769x1024.jpg 769w, https:\/\/sage.uqam.ca\/wp-content\/uploads\/2025\/07\/AG3-225x300.jpg 225w, https:\/\/sage.uqam.ca\/wp-content\/uploads\/2025\/07\/AG3-768x1023.jpg 768w, https:\/\/sage.uqam.ca\/wp-content\/uploads\/2025\/07\/AG3-1154x1536.jpg 1154w, https:\/\/sage.uqam.ca\/wp-content\/uploads\/2025\/07\/AG3-9x12.jpg 9w, https:\/\/sage.uqam.ca\/wp-content\/uploads\/2025\/07\/AG3.jpg 1538w\" sizes=\"auto, (max-width: 769px) 100vw, 769px\" \/><\/figure>\n\n\n\n<figure class=\"wp-block-image size-large\"><img loading=\"lazy\" decoding=\"async\" width=\"1024\" height=\"769\" src=\"https:\/\/sage.uqam.ca\/wp-content\/uploads\/2025\/07\/AG4-1024x769.jpg\" alt=\"\" class=\"wp-image-1640\" srcset=\"https:\/\/sage.uqam.ca\/wp-content\/uploads\/2025\/07\/AG4-1024x769.jpg 1024w, https:\/\/sage.uqam.ca\/wp-content\/uploads\/2025\/07\/AG4-300x225.jpg 300w, https:\/\/sage.uqam.ca\/wp-content\/uploads\/2025\/07\/AG4-768x577.jpg 768w, https:\/\/sage.uqam.ca\/wp-content\/uploads\/2025\/07\/AG4-1536x1154.jpg 1536w, https:\/\/sage.uqam.ca\/wp-content\/uploads\/2025\/07\/AG4-16x12.jpg 16w, https:\/\/sage.uqam.ca\/wp-content\/uploads\/2025\/07\/AG4.jpg 2048w\" sizes=\"auto, (max-width: 1024px) 100vw, 1024px\" \/><\/figure>\n\n\n\n<figure class=\"wp-block-image size-large\"><img loading=\"lazy\" decoding=\"async\" width=\"1024\" height=\"769\" src=\"https:\/\/sage.uqam.ca\/wp-content\/uploads\/2025\/07\/AG5-1024x769.jpg\" alt=\"\" class=\"wp-image-1641\" srcset=\"https:\/\/sage.uqam.ca\/wp-content\/uploads\/2025\/07\/AG5-1024x769.jpg 1024w, https:\/\/sage.uqam.ca\/wp-content\/uploads\/2025\/07\/AG5-300x225.jpg 300w, https:\/\/sage.uqam.ca\/wp-content\/uploads\/2025\/07\/AG5-768x577.jpg 768w, https:\/\/sage.uqam.ca\/wp-content\/uploads\/2025\/07\/AG5-1536x1154.jpg 1536w, https:\/\/sage.uqam.ca\/wp-content\/uploads\/2025\/07\/AG5-16x12.jpg 16w, https:\/\/sage.uqam.ca\/wp-content\/uploads\/2025\/07\/AG5.jpg 2048w\" sizes=\"auto, (max-width: 1024px) 100vw, 1024px\" \/><\/figure>\n\n\n\n<figure class=\"wp-block-image size-large\"><img loading=\"lazy\" decoding=\"async\" width=\"1024\" height=\"769\" src=\"https:\/\/sage.uqam.ca\/wp-content\/uploads\/2025\/07\/AG6-1024x769.jpg\" alt=\"\" class=\"wp-image-1642\" srcset=\"https:\/\/sage.uqam.ca\/wp-content\/uploads\/2025\/07\/AG6-1024x769.jpg 1024w, https:\/\/sage.uqam.ca\/wp-content\/uploads\/2025\/07\/AG6-300x225.jpg 300w, https:\/\/sage.uqam.ca\/wp-content\/uploads\/2025\/07\/AG6-768x577.jpg 768w, https:\/\/sage.uqam.ca\/wp-content\/uploads\/2025\/07\/AG6-1536x1154.jpg 1536w, https:\/\/sage.uqam.ca\/wp-content\/uploads\/2025\/07\/AG6-16x12.jpg 16w, https:\/\/sage.uqam.ca\/wp-content\/uploads\/2025\/07\/AG6.jpg 2048w\" sizes=\"auto, (max-width: 1024px) 100vw, 1024px\" \/><\/figure>\n\n\n\n<figure class=\"wp-block-image size-large\"><img loading=\"lazy\" decoding=\"async\" width=\"1024\" height=\"769\" src=\"https:\/\/sage.uqam.ca\/wp-content\/uploads\/2025\/07\/AG7-1024x769.jpg\" alt=\"\" class=\"wp-image-1643\" srcset=\"https:\/\/sage.uqam.ca\/wp-content\/uploads\/2025\/07\/AG7-1024x769.jpg 1024w, https:\/\/sage.uqam.ca\/wp-content\/uploads\/2025\/07\/AG7-300x225.jpg 300w, https:\/\/sage.uqam.ca\/wp-content\/uploads\/2025\/07\/AG7-768x577.jpg 768w, https:\/\/sage.uqam.ca\/wp-content\/uploads\/2025\/07\/AG7-1536x1154.jpg 1536w, https:\/\/sage.uqam.ca\/wp-content\/uploads\/2025\/07\/AG7-16x12.jpg 16w, https:\/\/sage.uqam.ca\/wp-content\/uploads\/2025\/07\/AG7.jpg 2048w\" sizes=\"auto, (max-width: 1024px) 100vw, 1024px\" \/><\/figure>\n\n\n\n<figure class=\"wp-block-image size-large\"><img loading=\"lazy\" decoding=\"async\" width=\"1024\" height=\"769\" src=\"https:\/\/sage.uqam.ca\/wp-content\/uploads\/2025\/07\/AG8-1024x769.jpg\" alt=\"\" class=\"wp-image-1644\" srcset=\"https:\/\/sage.uqam.ca\/wp-content\/uploads\/2025\/07\/AG8-1024x769.jpg 1024w, https:\/\/sage.uqam.ca\/wp-content\/uploads\/2025\/07\/AG8-300x225.jpg 300w, https:\/\/sage.uqam.ca\/wp-content\/uploads\/2025\/07\/AG8-768x577.jpg 768w, https:\/\/sage.uqam.ca\/wp-content\/uploads\/2025\/07\/AG8-1536x1154.jpg 1536w, https:\/\/sage.uqam.ca\/wp-content\/uploads\/2025\/07\/AG8-16x12.jpg 16w, https:\/\/sage.uqam.ca\/wp-content\/uploads\/2025\/07\/AG8.jpg 2048w\" sizes=\"auto, (max-width: 1024px) 100vw, 1024px\" \/><\/figure>\n\n\n\n<figure class=\"wp-block-image size-large\"><img loading=\"lazy\" decoding=\"async\" width=\"1024\" height=\"769\" src=\"https:\/\/sage.uqam.ca\/wp-content\/uploads\/2025\/07\/AG9-1024x769.jpg\" alt=\"\" class=\"wp-image-1645\" srcset=\"https:\/\/sage.uqam.ca\/wp-content\/uploads\/2025\/07\/AG9-1024x769.jpg 1024w, https:\/\/sage.uqam.ca\/wp-content\/uploads\/2025\/07\/AG9-300x225.jpg 300w, https:\/\/sage.uqam.ca\/wp-content\/uploads\/2025\/07\/AG9-768x577.jpg 768w, https:\/\/sage.uqam.ca\/wp-content\/uploads\/2025\/07\/AG9-1536x1154.jpg 1536w, https:\/\/sage.uqam.ca\/wp-content\/uploads\/2025\/07\/AG9-16x12.jpg 16w, https:\/\/sage.uqam.ca\/wp-content\/uploads\/2025\/07\/AG9.jpg 2048w\" sizes=\"auto, (max-width: 1024px) 100vw, 1024px\" \/><\/figure>\n\n\n\n<figure class=\"wp-block-image size-large\"><img loading=\"lazy\" decoding=\"async\" width=\"1024\" height=\"769\" src=\"https:\/\/sage.uqam.ca\/wp-content\/uploads\/2025\/07\/AG10-1024x769.jpg\" alt=\"\" class=\"wp-image-1646\" srcset=\"https:\/\/sage.uqam.ca\/wp-content\/uploads\/2025\/07\/AG10-1024x769.jpg 1024w, https:\/\/sage.uqam.ca\/wp-content\/uploads\/2025\/07\/AG10-300x225.jpg 300w, https:\/\/sage.uqam.ca\/wp-content\/uploads\/2025\/07\/AG10-768x577.jpg 768w, https:\/\/sage.uqam.ca\/wp-content\/uploads\/2025\/07\/AG10-1536x1154.jpg 1536w, https:\/\/sage.uqam.ca\/wp-content\/uploads\/2025\/07\/AG10-16x12.jpg 16w, https:\/\/sage.uqam.ca\/wp-content\/uploads\/2025\/07\/AG10.jpg 2048w\" sizes=\"auto, (max-width: 1024px) 100vw, 1024px\" \/><\/figure>\n\n\n\n<figure class=\"wp-block-image size-large\"><img loading=\"lazy\" decoding=\"async\" width=\"1024\" height=\"769\" src=\"https:\/\/sage.uqam.ca\/wp-content\/uploads\/2025\/07\/AG11-1024x769.jpg\" alt=\"\" class=\"wp-image-1647\" srcset=\"https:\/\/sage.uqam.ca\/wp-content\/uploads\/2025\/07\/AG11-1024x769.jpg 1024w, https:\/\/sage.uqam.ca\/wp-content\/uploads\/2025\/07\/AG11-300x225.jpg 300w, https:\/\/sage.uqam.ca\/wp-content\/uploads\/2025\/07\/AG11-768x577.jpg 768w, https:\/\/sage.uqam.ca\/wp-content\/uploads\/2025\/07\/AG11-1536x1154.jpg 1536w, https:\/\/sage.uqam.ca\/wp-content\/uploads\/2025\/07\/AG11-16x12.jpg 16w, https:\/\/sage.uqam.ca\/wp-content\/uploads\/2025\/07\/AG11.jpg 2048w\" sizes=\"auto, (max-width: 1024px) 100vw, 1024px\" \/><\/figure>\n\n\n\n<figure class=\"wp-block-image size-large\"><img loading=\"lazy\" decoding=\"async\" width=\"1024\" height=\"769\" src=\"https:\/\/sage.uqam.ca\/wp-content\/uploads\/2025\/07\/AG12-1024x769.jpg\" alt=\"\" class=\"wp-image-1648\" srcset=\"https:\/\/sage.uqam.ca\/wp-content\/uploads\/2025\/07\/AG12-1024x769.jpg 1024w, https:\/\/sage.uqam.ca\/wp-content\/uploads\/2025\/07\/AG12-300x225.jpg 300w, https:\/\/sage.uqam.ca\/wp-content\/uploads\/2025\/07\/AG12-768x577.jpg 768w, https:\/\/sage.uqam.ca\/wp-content\/uploads\/2025\/07\/AG12-1536x1154.jpg 1536w, https:\/\/sage.uqam.ca\/wp-content\/uploads\/2025\/07\/AG12-16x12.jpg 16w, https:\/\/sage.uqam.ca\/wp-content\/uploads\/2025\/07\/AG12.jpg 2048w\" sizes=\"auto, (max-width: 1024px) 100vw, 1024px\" \/><\/figure>\n\n\n\n<figure class=\"wp-block-image size-large\"><img loading=\"lazy\" decoding=\"async\" width=\"1024\" height=\"769\" src=\"https:\/\/sage.uqam.ca\/wp-content\/uploads\/2025\/07\/AG13-1024x769.jpg\" alt=\"\" class=\"wp-image-1649\" srcset=\"https:\/\/sage.uqam.ca\/wp-content\/uploads\/2025\/07\/AG13-1024x769.jpg 1024w, https:\/\/sage.uqam.ca\/wp-content\/uploads\/2025\/07\/AG13-300x225.jpg 300w, https:\/\/sage.uqam.ca\/wp-content\/uploads\/2025\/07\/AG13-768x577.jpg 768w, https:\/\/sage.uqam.ca\/wp-content\/uploads\/2025\/07\/AG13-1536x1154.jpg 1536w, https:\/\/sage.uqam.ca\/wp-content\/uploads\/2025\/07\/AG13-16x12.jpg 16w, https:\/\/sage.uqam.ca\/wp-content\/uploads\/2025\/07\/AG13.jpg 2048w\" sizes=\"auto, (max-width: 1024px) 100vw, 1024px\" \/><\/figure>\n\n\n\n<figure class=\"wp-block-image size-large\"><img loading=\"lazy\" decoding=\"async\" width=\"1024\" height=\"769\" src=\"https:\/\/sage.uqam.ca\/wp-content\/uploads\/2025\/07\/AG14-1024x769.jpg\" alt=\"\" class=\"wp-image-1650\" srcset=\"https:\/\/sage.uqam.ca\/wp-content\/uploads\/2025\/07\/AG14-1024x769.jpg 1024w, https:\/\/sage.uqam.ca\/wp-content\/uploads\/2025\/07\/AG14-300x225.jpg 300w, https:\/\/sage.uqam.ca\/wp-content\/uploads\/2025\/07\/AG14-768x577.jpg 768w, https:\/\/sage.uqam.ca\/wp-content\/uploads\/2025\/07\/AG14-1536x1154.jpg 1536w, https:\/\/sage.uqam.ca\/wp-content\/uploads\/2025\/07\/AG14-16x12.jpg 16w, https:\/\/sage.uqam.ca\/wp-content\/uploads\/2025\/07\/AG14.jpg 2048w\" sizes=\"auto, (max-width: 1024px) 100vw, 1024px\" \/><\/figure>\n\n\n\n<figure class=\"wp-block-image size-large\"><img loading=\"lazy\" decoding=\"async\" width=\"1024\" height=\"769\" src=\"https:\/\/sage.uqam.ca\/wp-content\/uploads\/2025\/07\/AG15-1024x769.jpg\" alt=\"\" class=\"wp-image-1651\" srcset=\"https:\/\/sage.uqam.ca\/wp-content\/uploads\/2025\/07\/AG15-1024x769.jpg 1024w, https:\/\/sage.uqam.ca\/wp-content\/uploads\/2025\/07\/AG15-300x225.jpg 300w, https:\/\/sage.uqam.ca\/wp-content\/uploads\/2025\/07\/AG15-768x577.jpg 768w, https:\/\/sage.uqam.ca\/wp-content\/uploads\/2025\/07\/AG15-1536x1154.jpg 1536w, https:\/\/sage.uqam.ca\/wp-content\/uploads\/2025\/07\/AG15-16x12.jpg 16w, https:\/\/sage.uqam.ca\/wp-content\/uploads\/2025\/07\/AG15.jpg 2048w\" sizes=\"auto, (max-width: 1024px) 100vw, 1024px\" \/><\/figure>\n\n\n\n<figure class=\"wp-block-image size-large\"><img loading=\"lazy\" decoding=\"async\" width=\"1024\" height=\"769\" src=\"https:\/\/sage.uqam.ca\/wp-content\/uploads\/2025\/07\/AG16-1024x769.jpg\" alt=\"\" class=\"wp-image-1652\" srcset=\"https:\/\/sage.uqam.ca\/wp-content\/uploads\/2025\/07\/AG16-1024x769.jpg 1024w, https:\/\/sage.uqam.ca\/wp-content\/uploads\/2025\/07\/AG16-300x225.jpg 300w, https:\/\/sage.uqam.ca\/wp-content\/uploads\/2025\/07\/AG16-768x577.jpg 768w, https:\/\/sage.uqam.ca\/wp-content\/uploads\/2025\/07\/AG16-1536x1154.jpg 1536w, https:\/\/sage.uqam.ca\/wp-content\/uploads\/2025\/07\/AG16-16x12.jpg 16w, https:\/\/sage.uqam.ca\/wp-content\/uploads\/2025\/07\/AG16.jpg 2048w\" sizes=\"auto, (max-width: 1024px) 100vw, 1024px\" \/><\/figure>\n\n\n\n<figure class=\"wp-block-image size-large\"><img loading=\"lazy\" decoding=\"async\" width=\"769\" height=\"1024\" src=\"https:\/\/sage.uqam.ca\/wp-content\/uploads\/2025\/07\/AG17-769x1024.jpg\" alt=\"\" class=\"wp-image-1653\" srcset=\"https:\/\/sage.uqam.ca\/wp-content\/uploads\/2025\/07\/AG17-769x1024.jpg 769w, https:\/\/sage.uqam.ca\/wp-content\/uploads\/2025\/07\/AG17-225x300.jpg 225w, https:\/\/sage.uqam.ca\/wp-content\/uploads\/2025\/07\/AG17-768x1023.jpg 768w, https:\/\/sage.uqam.ca\/wp-content\/uploads\/2025\/07\/AG17-1154x1536.jpg 1154w, https:\/\/sage.uqam.ca\/wp-content\/uploads\/2025\/07\/AG17-9x12.jpg 9w, https:\/\/sage.uqam.ca\/wp-content\/uploads\/2025\/07\/AG17.jpg 1538w\" sizes=\"auto, (max-width: 769px) 100vw, 769px\" \/><\/figure>\n<\/div>\n\n\n<hr class=\"wp-block-separator has-text-color has-tertiary-color has-alpha-channel-opacity has-tertiary-background-color has-background is-style-wide\" style=\"margin-top:var(--wp--preset--spacing--30);margin-bottom:var(--wp--preset--spacing--30)\"\/>\n\n<\/li><\/ul>\n\n<nav class=\"aligncenter wp-block-query-pagination is-layout-flex wp-block-query-pagination-is-layout-flex\" aria-label=\"pagination\">\n\n\n<div class=\"wp-block-query-pagination-numbers\"><span aria-current=\"page\" class=\"page-numbers current\">1<\/span>\n<a class=\"page-numbers\" href=\"?query-8-page=2\">2<\/a>\n<a class=\"page-numbers\" href=\"?query-8-page=3\">3<\/a>\n<span class=\"page-numbers dots\">&hellip;<\/span>\n<a class=\"page-numbers\" href=\"?query-8-page=16\">16<\/a><\/div>\n\n<a href=\"\/en\/wp-json\/wp\/v2\/pages\/313?query-8-page=2\" class=\"wp-block-query-pagination-next\" aria-label=\"Next Page\"><span class='wp-block-query-pagination-next-arrow is-arrow-chevron' aria-hidden='true'>\u00bb<\/span><\/a>\n<\/nav><\/div>","protected":false},"excerpt":{"rendered":"","protected":false},"author":2,"featured_media":0,"parent":0,"menu_order":0,"comment_status":"closed","ping_status":"closed","template":"","meta":{"footnotes":""},"class_list":["post-313","page","type-page","status-publish","hentry"],"_links":{"self":[{"href":"https:\/\/sage.uqam.ca\/en\/wp-json\/wp\/v2\/pages\/313","targetHints":{"allow":["GET"]}}],"collection":[{"href":"https:\/\/sage.uqam.ca\/en\/wp-json\/wp\/v2\/pages"}],"about":[{"href":"https:\/\/sage.uqam.ca\/en\/wp-json\/wp\/v2\/types\/page"}],"author":[{"embeddable":true,"href":"https:\/\/sage.uqam.ca\/en\/wp-json\/wp\/v2\/users\/2"}],"replies":[{"embeddable":true,"href":"https:\/\/sage.uqam.ca\/en\/wp-json\/wp\/v2\/comments?post=313"}],"version-history":[{"count":10,"href":"https:\/\/sage.uqam.ca\/en\/wp-json\/wp\/v2\/pages\/313\/revisions"}],"predecessor-version":[{"id":1211,"href":"https:\/\/sage.uqam.ca\/en\/wp-json\/wp\/v2\/pages\/313\/revisions\/1211"}],"wp:attachment":[{"href":"https:\/\/sage.uqam.ca\/en\/wp-json\/wp\/v2\/media?parent=313"}],"curies":[{"name":"wp","href":"https:\/\/api.w.org\/{rel}","templated":true}]}}