{"id":266,"date":"2023-11-09T14:26:41","date_gmt":"2023-11-09T14:26:41","guid":{"rendered":"https:\/\/sage-dev.uqam.ca\/?page_id=266"},"modified":"2024-03-01T15:13:39","modified_gmt":"2024-03-01T15:13:39","slug":"nous-joindre","status":"publish","type":"page","link":"https:\/\/sage.uqam.ca\/en\/nous-joindre\/","title":{"rendered":"Contact us"},"content":{"rendered":"<p class=\"has-small-font-size\"><strong>Coordinator<\/strong> : Delphine Larivi\u00e8re<\/p>\n\n\n\n<p class=\"has-small-font-size\"><strong>Phone number<\/strong> : 514 987-3000 poste 20130<\/p>\n\n\n\n<p class=\"has-small-font-size\"><strong>Email address<\/strong> : <a href=\"mailto:sage@uqam.ca?subject=demande%20d'information%20du%20site%20web%20SAGE\">sage@uqam.ca<\/a><br><br><strong>Mailing address<\/strong><br>SAGE Team, local DS-2117<br>School of Management - Universit\u00e9 du Qu\u00e9bec \u00e0 Montr\u00e9al<br>Organization and Human Resources<br>315, Ste-Catherine Est Street<br>Montreal (Quebec) H2X 3X2&nbsp;<\/p>","protected":false},"excerpt":{"rendered":"<p>Coordonnatrice : Delphine Larivi\u00e8re T\u00e9l\u00e9phone : 514 987-3000 poste 20130 Courriel : sage@uqam.ca Adresse postale\u00c9quipe SAGE, local DS-2117\u00c9cole des sciences de la gestion &#8211; Universit\u00e9 du Qu\u00e9bec \u00e0 Montr\u00e9alD\u00e9partement d&rsquo;organisation et ressources humaines315, rue Sainte-Catherine EstMontr\u00e9al (Qu\u00e9bec) H2X 3X2&nbsp;<\/p>","protected":false},"author":2,"featured_media":0,"parent":0,"menu_order":0,"comment_status":"closed","ping_status":"closed","template":"","meta":{"footnotes":""},"class_list":["post-266","page","type-page","status-publish","hentry"],"_links":{"self":[{"href":"https:\/\/sage.uqam.ca\/en\/wp-json\/wp\/v2\/pages\/266","targetHints":{"allow":["GET"]}}],"collection":[{"href":"https:\/\/sage.uqam.ca\/en\/wp-json\/wp\/v2\/pages"}],"about":[{"href":"https:\/\/sage.uqam.ca\/en\/wp-json\/wp\/v2\/types\/page"}],"author":[{"embeddable":true,"href":"https:\/\/sage.uqam.ca\/en\/wp-json\/wp\/v2\/users\/2"}],"replies":[{"embeddable":true,"href":"https:\/\/sage.uqam.ca\/en\/wp-json\/wp\/v2\/comments?post=266"}],"version-history":[{"count":3,"href":"https:\/\/sage.uqam.ca\/en\/wp-json\/wp\/v2\/pages\/266\/revisions"}],"predecessor-version":[{"id":931,"href":"https:\/\/sage.uqam.ca\/en\/wp-json\/wp\/v2\/pages\/266\/revisions\/931"}],"wp:attachment":[{"href":"https:\/\/sage.uqam.ca\/en\/wp-json\/wp\/v2\/media?parent=266"}],"curies":[{"name":"wp","href":"https:\/\/api.w.org\/{rel}","templated":true}]}}