{"id":254,"date":"2023-11-09T12:06:57","date_gmt":"2023-11-09T12:06:57","guid":{"rendered":"https:\/\/sage-dev.uqam.ca\/?page_id=254"},"modified":"2023-11-09T12:11:04","modified_gmt":"2023-11-09T12:11:04","slug":"axes-de-recherche","status":"publish","type":"page","link":"https:\/\/sage.uqam.ca\/en\/axes-de-recherche\/","title":{"rendered":"Research areas"},"content":{"rendered":"<div class=\"gb-container gb-container-431aaa25\">\n\n<p class=\"adjust-text translation-block\" style=\"font-size:clamp(0.875em, 0.875rem + ((1vw - 0.2em) * 0.227), 1em);\">The SAGE team's research program is structured around the theme \"Occupational health through a gender and sex analysis: what challenges and what interventions to promote health and equality at work?\". It is divided into three areas taking into account gender and its interweaving in other social relationships (including social class and racialization). They are both complementary and intertwined.<\/p>\n\n<\/div>\n\n<div class=\"gb-container gb-container-eb2ce900\">\n<div class=\"gb-container gb-container-59cee197\">\n\n<div class=\"wp-block-media-text has-media-on-the-right is-stacked-on-mobile\" style=\"margin-top:0;margin-right:0;margin-bottom:0;margin-left:0;padding-top:0;padding-right:0;padding-bottom:0;padding-left:0\"><div class=\"wp-block-media-text__content\">\n<p class=\"adjust-text translation-block\" style=\"font-size:clamp(0.875em, 0.875rem + ((1vw - 0.2em) * 0.227), 1em);\">The <strong><em>first research area<\/strong><\/em> is focussed on the role of the regulatory framework governing workplaces in the persistence of social and occupational health inequalities. The <strong><em>second area<\/strong><\/em> involves analyzing the practices, strategies, discourses and relationships among actors within workplaces and the interactions among them, as well as with elements of the workplace environment (e.g., requirements, schedules, tasks, physical and spatial environment). The third area is aimed at filling the gaps in traditional approaches to occupational health by developing research and intervention tools as well as analysis and evaluation methods that are sensitive to social and gender inequalities.<\/p>\n\n\n\n<p class=\"adjust-text\" style=\"font-size:clamp(0.875em, 0.875rem + ((1vw - 0.2em) * 0.227), 1em);\">An integrated understanding of the mechanisms at work in the first two areas stimulates reflexion on the development of legislative frameworks and public policies (Area 1) as well as organizational measures in the workplace (Area 2) to counter the persistence of social and occupational health inequalities. The third area interacts with the other two in a process of ongoing exchange on the reflexive analysis of the theoretical models and methodological tools used in the projects situated in the 1st and 2nd research areas.<\/p>\n<\/div><figure class=\"wp-block-media-text__media\"><img loading=\"lazy\" decoding=\"async\" width=\"1024\" height=\"968\" src=\"https:\/\/sage.uqam.ca\/wp-content\/uploads\/2023\/12\/diagramme-02-EN.jpg\" alt=\"\" class=\"wp-image-255 size-full\" srcset=\"https:\/\/sage.uqam.ca\/wp-content\/uploads\/2023\/12\/diagramme-02-EN.jpg 1269w, https:\/\/sage.uqam.ca\/wp-content\/uploads\/2023\/12\/diagramme-02-EN-300x284.jpg 300w, https:\/\/sage.uqam.ca\/wp-content\/uploads\/2023\/12\/diagramme-02-EN-1024x968.jpg 1024w, https:\/\/sage.uqam.ca\/wp-content\/uploads\/2023\/12\/diagramme-02-EN-768x726.jpg 768w, https:\/\/sage.uqam.ca\/wp-content\/uploads\/2023\/12\/diagramme-02-EN-13x12.jpg 13w\" sizes=\"auto, (max-width: 1024px) 100vw, 1024px\" \/><\/figure><\/div>\n\n<\/div>\n<\/div>\n\n\n<p class=\"adjust-text\" style=\"font-size:clamp(0.875em, 0.875rem + ((1vw - 0.2em) * 0.227), 1em);\">The complementarity of the axes and the action-oriented program targeting unions, organizations, communities and science contribute to the development of occupational health research and intervention in two ways: first by expanding knowledge about occupational health, and second by creating research and intervention approaches and methods aimed at reducing social and gender inequalities in occupational health.<\/p>","protected":false},"excerpt":{"rendered":"<p>La programmation de l\u2019\u00e9quipe SAGE s\u2019articule autour de la th\u00e9matique \u00ab&nbsp;La sant\u00e9 au travail \u00e0 travers une analyse de genre et de sexe&nbsp;: quels d\u00e9fis et quelles interventions pour favoriser la sant\u00e9 et l\u2019\u00e9galit\u00e9 au travail ?&nbsp;\u00bb. Elle se divise en trois axes prenant en compte le genre et son imbrication dans les autres rapports&#8230;<\/p>","protected":false},"author":2,"featured_media":0,"parent":0,"menu_order":0,"comment_status":"closed","ping_status":"closed","template":"","meta":{"footnotes":""},"class_list":["post-254","page","type-page","status-publish","hentry"],"_links":{"self":[{"href":"https:\/\/sage.uqam.ca\/en\/wp-json\/wp\/v2\/pages\/254","targetHints":{"allow":["GET"]}}],"collection":[{"href":"https:\/\/sage.uqam.ca\/en\/wp-json\/wp\/v2\/pages"}],"about":[{"href":"https:\/\/sage.uqam.ca\/en\/wp-json\/wp\/v2\/types\/page"}],"author":[{"embeddable":true,"href":"https:\/\/sage.uqam.ca\/en\/wp-json\/wp\/v2\/users\/2"}],"replies":[{"embeddable":true,"href":"https:\/\/sage.uqam.ca\/en\/wp-json\/wp\/v2\/comments?post=254"}],"version-history":[{"count":3,"href":"https:\/\/sage.uqam.ca\/en\/wp-json\/wp\/v2\/pages\/254\/revisions"}],"predecessor-version":[{"id":1164,"href":"https:\/\/sage.uqam.ca\/en\/wp-json\/wp\/v2\/pages\/254\/revisions\/1164"}],"wp:attachment":[{"href":"https:\/\/sage.uqam.ca\/en\/wp-json\/wp\/v2\/media?parent=254"}],"curies":[{"name":"wp","href":"https:\/\/api.w.org\/{rel}","templated":true}]}}